{"id":36,"date":"2026-03-09T14:03:56","date_gmt":"2026-03-09T13:03:56","guid":{"rendered":"https:\/\/tetaclic.fr\/www\/?page_id=36"},"modified":"2026-04-17T16:23:29","modified_gmt":"2026-04-17T14:23:29","slug":"mentions-legales","status":"publish","type":"page","link":"https:\/\/tetaclic.fr\/www\/mentions-legales\/","title":{"rendered":"Mentions l\u00e9gales"},"content":{"rendered":"<style>.elementor-36 .elementor-element.elementor-element-92e65e2{--display:flex;--min-height:400px;--justify-content:center;--overlay-opacity:0.7;--margin-top:-150px;--margin-bottom:0px;--margin-left:0px;--margin-right:0px;--padding-top:300px;--padding-bottom:80px;--padding-left:0px;--padding-right:0px;}.elementor-36 .elementor-element.elementor-element-92e65e2:not(.elementor-motion-effects-element-type-background), .elementor-36 .elementor-element.elementor-element-92e65e2 > .elementor-motion-effects-container > .elementor-motion-effects-layer{background-image:url(\"https:\/\/tetaclic.fr\/www\/wp-content\/uploads\/2026\/04\/document-homme-signe-scaled-e1775207821780.jpg\");background-position:bottom center;}.elementor-36 .elementor-element.elementor-element-92e65e2::before, .elementor-36 .elementor-element.elementor-element-92e65e2 > .elementor-background-video-container::before, .elementor-36 .elementor-element.elementor-element-92e65e2 > .e-con-inner > .elementor-background-video-container::before, .elementor-36 .elementor-element.elementor-element-92e65e2 > .elementor-background-slideshow::before, .elementor-36 .elementor-element.elementor-element-92e65e2 > .e-con-inner > .elementor-background-slideshow::before, .elementor-36 .elementor-element.elementor-element-92e65e2 > .elementor-motion-effects-container > .elementor-motion-effects-layer::before{--background-overlay:'';background-color:#000000AB;}.elementor-36 .elementor-element.elementor-element-c07536d .elementskit-section-title-wraper .elementskit-section-title{color:var( --e-global-color-97784d2 );font-family:\"Nunito\", Sans-serif;font-size:22px;font-weight:400;text-transform:uppercase;letter-spacing:2px;}.elementor-36 .elementor-element.elementor-element-c07536d .elementskit-section-title-wraper .elementskit-section-title > span{color:#000000;}.elementor-36 .elementor-element.elementor-element-c07536d .elementskit-section-title-wraper .elementskit-section-title:hover > span{color:#000000;}.elementor-36 .elementor-element.elementor-element-c07536d .elementskit-section-title-wraper .elementskit-section-subtitle{color:#FFFFFF;font-family:\"Cormorant Garamond\", Sans-serif;font-size:62px;font-weight:400;}.elementor-36 .elementor-element.elementor-element-c07536d.elementor-element{--align-self:flex-start;}.elementor-36 .elementor-element.elementor-element-521fcc4{--display:flex;--flex-direction:row;--container-widget-width:initial;--container-widget-height:100%;--container-widget-flex-grow:1;--container-widget-align-self:stretch;--flex-wrap-mobile:wrap;--gap:0px 0px;--row-gap:0px;--column-gap:0px;--margin-top:50px;--margin-bottom:0px;--margin-left:0px;--margin-right:0px;}.elementor-36 .elementor-element.elementor-element-5cec338{--display:flex;--flex-direction:column;--container-widget-width:100%;--container-widget-height:initial;--container-widget-flex-grow:0;--container-widget-align-self:initial;--flex-wrap-mobile:wrap;--margin-top:0px;--margin-bottom:0px;--margin-left:0px;--margin-right:030px;}.elementor-widget-text-editor{font-family:var( --e-global-typography-text-font-family ), Sans-serif;font-weight:var( --e-global-typography-text-font-weight );color:var( --e-global-color-text );}.elementor-widget-text-editor.elementor-drop-cap-view-stacked .elementor-drop-cap{background-color:var( --e-global-color-primary );}.elementor-widget-text-editor.elementor-drop-cap-view-framed .elementor-drop-cap, .elementor-widget-text-editor.elementor-drop-cap-view-default .elementor-drop-cap{color:var( --e-global-color-primary );border-color:var( --e-global-color-primary );}.elementor-36 .elementor-element.elementor-element-fc3b0c7{font-family:\"Nunito\", Sans-serif;font-size:18px;font-weight:400;color:var( --e-global-color-1350750 );}.elementor-36 .elementor-element.elementor-element-123cb86{--display:flex;--flex-direction:column;--container-widget-width:100%;--container-widget-height:initial;--container-widget-flex-grow:0;--container-widget-align-self:initial;--flex-wrap-mobile:wrap;}.elementor-widget-image .widget-image-caption{color:var( --e-global-color-text );font-family:var( --e-global-typography-text-font-family ), Sans-serif;font-weight:var( --e-global-typography-text-font-weight );}.elementor-36 .elementor-element.elementor-element-9e47a31{text-align:start;}.elementor-36 .elementor-element.elementor-element-9e47a31 img{width:45%;}.elementor-36 .elementor-element.elementor-element-3aaee5c{text-align:start;}.elementor-36 .elementor-element.elementor-element-3aaee5c img{width:60%;}@media(min-width:768px){.elementor-36 .elementor-element.elementor-element-521fcc4{--content-width:1400px;}.elementor-36 .elementor-element.elementor-element-5cec338{--width:70%;}.elementor-36 .elementor-element.elementor-element-123cb86{--width:30%;}}<\/style>\t\t<div data-elementor-type=\"wp-page\" data-elementor-id=\"36\" class=\"elementor elementor-36\">\n\t\t\t\t<div class=\"elementor-element elementor-element-92e65e2 e-con-full hero-inner e-flex e-con e-parent\" data-id=\"92e65e2\" data-element_type=\"container\" data-e-type=\"container\" data-settings=\"{&quot;background_background&quot;:&quot;classic&quot;}\">\n\t\t\t\t<div class=\"elementor-element elementor-element-c07536d elementor-widget elementor-widget-elementskit-heading\" data-id=\"c07536d\" data-element_type=\"widget\" data-e-type=\"widget\" data-widget_type=\"elementskit-heading.default\">\n\t\t\t\t\t<div class=\"ekit-wid-con\" ><div class=\"ekit-heading elementskit-section-title-wraper text_left   ekit_heading_tablet-   ekit_heading_mobile-\"><h1 class=\"ekit-heading--title elementskit-section-title \">MENTIONS LEGALES<\/h1><h3 class=\"ekit-heading--subtitle elementskit-section-subtitle  \">\n\t\t\t\t\t\tInformations l\u00e9gales et conditions d&#039;utilisation\n\t\t\t\t\t<\/h3><\/div><\/div>\t\t\t\t<\/div>\n\t\t\t\t<\/div>\n\t\t<div class=\"elementor-element elementor-element-521fcc4 e-flex e-con-boxed e-con e-parent\" data-id=\"521fcc4\" data-element_type=\"container\" data-e-type=\"container\">\n\t\t\t\t\t<div class=\"e-con-inner\">\n\t\t<div class=\"elementor-element elementor-element-5cec338 e-con-full e-flex e-con e-child\" data-id=\"5cec338\" data-element_type=\"container\" data-e-type=\"container\" data-settings=\"{&quot;background_background&quot;:&quot;classic&quot;}\">\n\t\t\t\t<div class=\"elementor-element elementor-element-fc3b0c7 elementor-widget elementor-widget-text-editor\" data-id=\"fc3b0c7\" data-element_type=\"widget\" data-e-type=\"widget\" data-widget_type=\"text-editor.default\">\n\t\t\t\t\t\t\t\t\t<p>Le pr\u00e9sent site est \u00e9dit\u00e9 par Anthony Grandjean, r\u00e9flexologue plantaire.<\/p><p>L&rsquo;acc\u00e8s \u00e0 anthonygrandjean.fr ainsi que l&rsquo;utilisation de son contenu sont soumis aux conditions d&rsquo;utilisation d\u00e9crites ci-apr\u00e8s. Le fait d&rsquo;acc\u00e9der et de naviguer sur anthonygrandjean.fr constitue de la part du visiteur une acceptation sans r\u00e9serve des stipulations suivantes : le site est la propri\u00e9t\u00e9 exclusive d&rsquo;Anthony Grandjean, seul habilit\u00e9 \u00e0 utiliser les droits de propri\u00e9t\u00e9 intellectuelle et droits de la personnalit\u00e9 aff\u00e9rents, notamment marques, mod\u00e8les, droits d&rsquo;auteur et droit \u00e0 l&rsquo;image, \u00e0 titre originaire ou par l&rsquo;effet d&rsquo;une autorisation expresse. L&rsquo;usage de tout ou partie du site, notamment par t\u00e9l\u00e9chargement, reproduction, transmission ou repr\u00e9sentation \u00e0 d&rsquo;autres fins que pour usage personnel et priv\u00e9 dans un but non commercial est strictement interdit.<br \/>Anthony Grandjean s&rsquo;efforce d&rsquo;assurer au mieux de ses possibilit\u00e9s l&rsquo;exactitude et la mise \u00e0 jour des informations diffus\u00e9es sur anthonygrandjean.fr, dont il se r\u00e9serve le droit de corriger, \u00e0 tout moment et sans pr\u00e9avis, le contenu. Toutefois, Anthony Grandjean ne peut garantir l&rsquo;exactitude, la pr\u00e9cision et l&rsquo;exhaustivit\u00e9 des informations mises \u00e0 disposition sur le site.<br \/>En cons\u00e9quence, Anthony Grandjean d\u00e9cline toute responsabilit\u00e9 :<\/p><p>pour toute impr\u00e9cision, inexactitude ou omission portant sur des informations disponibles sur le site,<br \/>pour tous dommages r\u00e9sultant d&rsquo;une intrusion d&rsquo;un tiers ayant entra\u00een\u00e9 une modification des informations mises \u00e0 disposition sur le site,<br \/>et plus g\u00e9n\u00e9ralement, pour tous dommages, directs ou indirects, qu&rsquo;elles qu&rsquo;en soient les causes, origines, natures et cons\u00e9quences, provoqu\u00e9s \u00e0 raison de l&rsquo;acc\u00e8s de quiconque au site ou de l&rsquo;impossibilit\u00e9 d&rsquo;y acc\u00e9der, de m\u00eame que l&rsquo;utilisation du site et\/ou du cr\u00e9dit accord\u00e9 \u00e0 une quelconque information provenant directement ou indirectement de ce dernier.<\/p><p>Le visiteur est susceptible de fournir des donn\u00e9es \u00e0 caract\u00e8re personnel via le formulaire de contact ou l&rsquo;application de gestion des rendez-vous. La fourniture de ces informations nominatives est facultative pour le formulaire de contact, mais n\u00e9cessaire pour la prise de rendez-vous en ligne. Conform\u00e9ment \u00e0 la loi Informatique et Libert\u00e9 n\u00b0 78-17 du 6 janvier 1978, chaque visiteur peut acc\u00e9der aux informations nominatives le concernant et les faire rectifier ou supprimer, le cas \u00e9ch\u00e9ant, en contactant Anthony Grandjean.<br \/>Anthony Grandjean peut implanter un \u00ab\u00a0cookie\u00a0\u00bb dans l&rsquo;ordinateur du visiteur qui permettra de l&rsquo;identifier. Il est rappel\u00e9 que le visiteur peut s&rsquo;opposer \u00e0 l&rsquo;enregistrement de \u00ab\u00a0cookies\u00a0\u00bb en configurant son navigateur dans ce sens. Anthony Grandjean met en \u0153uvre des moyens destin\u00e9s \u00e0 assurer la s\u00e9curit\u00e9 des fichiers constitu\u00e9s \u00e0 partir des donn\u00e9es nominatives collect\u00e9es sur le site. Cependant, Anthony Grandjean ne ma\u00eetrise pas les risques li\u00e9s au fonctionnement d&rsquo;Internet et attire l&rsquo;attention des internautes sur l&rsquo;existence d&rsquo;\u00e9ventuels risques en terme de confidentialit\u00e9 des donn\u00e9es transitant via ce r\u00e9seau et d\u00e9cline toute responsabilit\u00e9 attach\u00e9e \u00e0 ce risque.<br \/>La cr\u00e9ation de liens hypertextes vers le site ne peut \u00eatre faite qu&rsquo;avec l&rsquo;autorisation \u00e9crite et pr\u00e9alable qui pourra \u00eatre r\u00e9voqu\u00e9e \u00e0 tout moment. Anthony Grandjean d\u00e9cline toute responsabilit\u00e9 concernant le contenu des sites li\u00e9s \u00e0 anthonygrandjean.fr.<br \/>Les donn\u00e9es \u00e0 caract\u00e8re personnel collect\u00e9es font l&rsquo;objet d&rsquo;un traitement par Anthony Grandjean. Ces donn\u00e9es sont collect\u00e9es dans le cadre de l&rsquo;ex\u00e9cution du contrat et sont conserv\u00e9es pendant sa dur\u00e9e. Conform\u00e9ment aux dispositions l\u00e9gales et r\u00e8glementaires applicables, en particulier la loi n\u00b0 78-17 du 6 janvier 1978 modifi\u00e9e relative \u00e0 l&rsquo;informatique, aux fichiers et aux libert\u00e9s et du r\u00e8glement europ\u00e9en n\u00b02016\/679\/UE du 27 avril 2016, le client b\u00e9n\u00e9ficie d&rsquo;un droit d&rsquo;acc\u00e8s, de rectification, de portabilit\u00e9 et d&rsquo;effacement de ses donn\u00e9es ou encore de limitation du traitement. Il peut \u00e9galement, pour des motifs l\u00e9gitimes, s&rsquo;opposer au traitement des donn\u00e9es le concernant en contactant Anthony Grandjean par mail \u00e0 contact@anthonygrandjean.fr.<br \/>Anthony Grandjean informe les visiteurs du site que les pr\u00e9sentes conditions peuvent \u00eatre modifi\u00e9es \u00e0 tout moment. Ces modifications sont publi\u00e9es par leur mise en ligne et sont r\u00e9put\u00e9es accept\u00e9es sans r\u00e9serve par tout visiteur qui acc\u00e8de post\u00e9rieurement \u00e0 leur mise en ligne.<br \/>Les pr\u00e9sentes conditions sont r\u00e9gies par le droit fran\u00e7ais. Les juridictions fran\u00e7aises sont territorialement comp\u00e9tentes pour conna\u00eetre tout litige aff\u00e9rent \u00e0 l&rsquo;utilisation du site.<\/p>\t\t\t\t\t\t\t\t<\/div>\n\t\t\t\t<\/div>\n\t\t<div class=\"elementor-element elementor-element-123cb86 e-con-full e-flex e-con e-child\" data-id=\"123cb86\" data-element_type=\"container\" data-e-type=\"container\">\n\t\t\t\t<div class=\"elementor-element elementor-element-9e47a31 elementor-widget elementor-widget-image\" data-id=\"9e47a31\" data-element_type=\"widget\" data-e-type=\"widget\" data-widget_type=\"image.default\">\n\t\t\t\t\t\t\t\t\t\t\t\t\t\t\t<img fetchpriority=\"high\" decoding=\"async\" width=\"764\" height=\"740\" src=\"https:\/\/tetaclic.fr\/www\/wp-content\/uploads\/2026\/03\/Logo_reflexologie.png\" class=\"attachment-large size-large wp-image-1401\" alt=\"\" srcset=\"https:\/\/tetaclic.fr\/www\/wp-content\/uploads\/2026\/03\/Logo_reflexologie.png 764w, https:\/\/tetaclic.fr\/www\/wp-content\/uploads\/2026\/03\/Logo_reflexologie-300x291.png 300w\" sizes=\"(max-width: 764px) 100vw, 764px\" \/>\t\t\t\t\t\t\t\t\t\t\t\t\t\t\t<\/div>\n\t\t\t\t<div class=\"elementor-element elementor-element-3864546 elementor-widget elementor-widget-text-editor\" data-id=\"3864546\" data-element_type=\"widget\" data-e-type=\"widget\" data-widget_type=\"text-editor.default\">\n\t\t\t\t\t\t\t\t\t<p>5 impasse de Chey, 79000 NIORT<br \/><strong>SIREN<\/strong> : 821519956<br \/><strong>Directeur de la publication du site :<\/strong><br \/>Anthony GRANDJEAN<\/p><p><strong>Cr\u00e9ation et d\u00e9veloppement du site :\u00a0<\/strong><\/p><p>Bastien MARTIN et T\u00eate \u00e0 Clic<br \/>\u00a9 2026<\/p>\t\t\t\t\t\t\t\t<\/div>\n\t\t\t\t<div class=\"elementor-element elementor-element-3aaee5c elementor-widget elementor-widget-image\" data-id=\"3aaee5c\" data-element_type=\"widget\" data-e-type=\"widget\" data-widget_type=\"image.default\">\n\t\t\t\t\t\t\t\t\t\t\t\t\t\t\t\t<a href=\"https:\/\/www.teteaclic.com\/\">\n\t\t\t\t\t\t\t<img decoding=\"async\" width=\"300\" height=\"300\" src=\"https:\/\/tetaclic.fr\/www\/wp-content\/uploads\/2026\/04\/logo_teteaclic.webp\" class=\"attachment-large size-large wp-image-2320\" alt=\"\" srcset=\"https:\/\/tetaclic.fr\/www\/wp-content\/uploads\/2026\/04\/logo_teteaclic.webp 300w, https:\/\/tetaclic.fr\/www\/wp-content\/uploads\/2026\/04\/logo_teteaclic-150x150.webp 150w\" sizes=\"(max-width: 300px) 100vw, 300px\" \/>\t\t\t\t\t\t\t\t<\/a>\n\t\t\t\t\t\t\t\t\t\t\t\t\t\t\t<\/div>\n\t\t\t\t<div class=\"elementor-element elementor-element-1d31a3d elementor-widget elementor-widget-text-editor\" data-id=\"1d31a3d\" data-element_type=\"widget\" data-e-type=\"widget\" data-widget_type=\"text-editor.default\">\n\t\t\t\t\t\t\t\t\t<p><a href=\"https:\/\/www.teteaclic.com\/\">TETE A CLIC INTERNATIONAL MULTIMEDIA<\/a><br \/><em>\u00ab\u00a0Et si nous communiquions au pr\u00e9sent&#8230;\u00a0\u00bb<\/em><br \/>5 impasse Roland Garros<br \/>79000 NIORT<br \/>FRANCE<br \/>06.64.25.57.46<\/p><p><em>Toute reproduction, copie, traduction de ce site sous toute forme ou par quelque moyen que ce soit, est formellement interdite.<\/em><\/p><p><strong>H\u00e9bergement du Site :<\/strong><\/p><p><strong>OVH<\/strong><br \/>140 quai du Sartel, 59100 ROUBAIX, FRANCE<\/p>\t\t\t\t\t\t\t\t<\/div>\n\t\t\t\t<\/div>\n\t\t\t\t\t<\/div>\n\t\t\t\t<\/div>\n\t\t\t\t<\/div>\n\t\t","protected":false},"excerpt":{"rendered":"<p>MENTIONS LEGALES Informations l\u00e9gales et conditions d&#039;utilisation Le pr\u00e9sent site est \u00e9dit\u00e9 par Anthony Grandjean, r\u00e9flexologue plantaire. L&rsquo;acc\u00e8s \u00e0 anthonygrandjean.fr ainsi que l&rsquo;utilisation de son contenu sont soumis aux conditions d&rsquo;utilisation d\u00e9crites ci-apr\u00e8s. Le fait d&rsquo;acc\u00e9der et de naviguer sur anthonygrandjean.fr constitue de la part du visiteur une acceptation sans r\u00e9serve des stipulations suivantes : [&hellip;]<\/p>\n","protected":false},"author":1,"featured_media":0,"parent":0,"menu_order":0,"comment_status":"closed","ping_status":"closed","template":"","meta":{"inline_featured_image":false,"_themeisle_gutenberg_block_has_review":false,"footnotes":""},"class_list":["post-36","page","type-page","status-publish","hentry","wpbf-post"],"yoast_head":"<!-- This site is optimized with the Yoast SEO plugin v27.2 - https:\/\/yoast.com\/product\/yoast-seo-wordpress\/ -->\n<title>Mentions l\u00e9gales | Anthony Grandjean Niort<\/title>\n<meta name=\"robots\" content=\"noindex, follow, max-snippet:-1, max-image-preview:large, max-video-preview:-1\" \/>\n<meta property=\"og:locale\" content=\"fr_FR\" \/>\n<meta property=\"og:type\" content=\"article\" \/>\n<meta property=\"og:title\" content=\"Mentions l\u00e9gales | Anthony Grandjean Niort\" \/>\n<meta property=\"og:description\" content=\"MENTIONS LEGALES Informations l\u00e9gales et conditions d&#039;utilisation Le pr\u00e9sent site est \u00e9dit\u00e9 par Anthony Grandjean, r\u00e9flexologue plantaire. L&rsquo;acc\u00e8s \u00e0 anthonygrandjean.fr ainsi que l&rsquo;utilisation de son contenu sont soumis aux conditions d&rsquo;utilisation d\u00e9crites ci-apr\u00e8s. Le fait d&rsquo;acc\u00e9der et de naviguer sur anthonygrandjean.fr constitue de la part du visiteur une acceptation sans r\u00e9serve des stipulations suivantes : [&hellip;]\" \/>\n<meta property=\"og:url\" content=\"https:\/\/tetaclic.fr\/www\/mentions-legales\/\" \/>\n<meta property=\"og:site_name\" content=\"Anthony Grandjean R\u00e9flexologie\" \/>\n<meta property=\"article:modified_time\" content=\"2026-04-17T14:23:29+00:00\" \/>\n<meta property=\"og:image\" content=\"https:\/\/tetaclic.fr\/www\/wp-content\/uploads\/2026\/03\/Logo_reflexologie.png\" \/>\n\t<meta property=\"og:image:width\" content=\"764\" \/>\n\t<meta property=\"og:image:height\" content=\"740\" \/>\n\t<meta property=\"og:image:type\" content=\"image\/png\" \/>\n<meta name=\"twitter:card\" content=\"summary_large_image\" \/>\n<meta name=\"twitter:title\" content=\"Mentions l\u00e9gales | Anthony Grandjean Niort\" \/>\n<meta name=\"twitter:label1\" content=\"Dur\u00e9e de lecture estim\u00e9e\" \/>\n\t<meta name=\"twitter:data1\" content=\"4 minutes\" \/>\n<script type=\"application\/ld+json\" class=\"yoast-schema-graph\">{\"@context\":\"https:\/\/schema.org\",\"@graph\":[{\"@type\":\"WebPage\",\"@id\":\"https:\/\/tetaclic.fr\/www\/mentions-legales\/\",\"url\":\"https:\/\/tetaclic.fr\/www\/mentions-legales\/\",\"name\":\"Mentions l\u00e9gales | Anthony Grandjean Niort\",\"isPartOf\":{\"@id\":\"https:\/\/tetaclic.fr\/www\/#website\"},\"primaryImageOfPage\":{\"@id\":\"https:\/\/tetaclic.fr\/www\/mentions-legales\/#primaryimage\"},\"image\":{\"@id\":\"https:\/\/tetaclic.fr\/www\/mentions-legales\/#primaryimage\"},\"thumbnailUrl\":\"https:\/\/tetaclic.fr\/www\/wp-content\/uploads\/2026\/03\/Logo_reflexologie.png\",\"datePublished\":\"2026-03-09T13:03:56+00:00\",\"dateModified\":\"2026-04-17T14:23:29+00:00\",\"breadcrumb\":{\"@id\":\"https:\/\/tetaclic.fr\/www\/mentions-legales\/#breadcrumb\"},\"inLanguage\":\"fr-FR\",\"potentialAction\":[{\"@type\":\"ReadAction\",\"target\":[\"https:\/\/tetaclic.fr\/www\/mentions-legales\/\"]}]},{\"@type\":\"ImageObject\",\"inLanguage\":\"fr-FR\",\"@id\":\"https:\/\/tetaclic.fr\/www\/mentions-legales\/#primaryimage\",\"url\":\"https:\/\/tetaclic.fr\/www\/wp-content\/uploads\/2026\/03\/Logo_reflexologie.png\",\"contentUrl\":\"https:\/\/tetaclic.fr\/www\/wp-content\/uploads\/2026\/03\/Logo_reflexologie.png\",\"width\":764,\"height\":740},{\"@type\":\"BreadcrumbList\",\"@id\":\"https:\/\/tetaclic.fr\/www\/mentions-legales\/#breadcrumb\",\"itemListElement\":[{\"@type\":\"ListItem\",\"position\":1,\"name\":\"Accueil\",\"item\":\"https:\/\/tetaclic.fr\/www\/\"},{\"@type\":\"ListItem\",\"position\":2,\"name\":\"Mentions l\u00e9gales\"}]},{\"@type\":\"WebSite\",\"@id\":\"https:\/\/tetaclic.fr\/www\/#website\",\"url\":\"https:\/\/tetaclic.fr\/www\/\",\"name\":\"Anthony Grandjean R\u00e9flexologie\",\"description\":\"Harmonie \u00b7 Bien-\u00eatre \u00b7 Relaxation\",\"publisher\":{\"@id\":\"https:\/\/tetaclic.fr\/www\/#\/schema\/person\/ef300d63a80d5839e14fac17c3b2e33c\"},\"potentialAction\":[{\"@type\":\"SearchAction\",\"target\":{\"@type\":\"EntryPoint\",\"urlTemplate\":\"https:\/\/tetaclic.fr\/www\/?s={search_term_string}\"},\"query-input\":{\"@type\":\"PropertyValueSpecification\",\"valueRequired\":true,\"valueName\":\"search_term_string\"}}],\"inLanguage\":\"fr-FR\"},{\"@type\":[\"Person\",\"Organization\"],\"@id\":\"https:\/\/tetaclic.fr\/www\/#\/schema\/person\/ef300d63a80d5839e14fac17c3b2e33c\",\"name\":\"bastien_admin\",\"image\":{\"@type\":\"ImageObject\",\"inLanguage\":\"fr-FR\",\"@id\":\"https:\/\/tetaclic.fr\/www\/wp-content\/uploads\/2026\/03\/logo-seul-reflex-light.png\",\"url\":\"https:\/\/tetaclic.fr\/www\/wp-content\/uploads\/2026\/03\/logo-seul-reflex-light.png\",\"contentUrl\":\"https:\/\/tetaclic.fr\/www\/wp-content\/uploads\/2026\/03\/logo-seul-reflex-light.png\",\"width\":764,\"height\":740,\"caption\":\"bastien_admin\"},\"logo\":{\"@id\":\"https:\/\/tetaclic.fr\/www\/wp-content\/uploads\/2026\/03\/logo-seul-reflex-light.png\"},\"sameAs\":[\"https:\/\/tetaclic.fr\/www\"]}]}<\/script>\n<!-- \/ Yoast SEO plugin. -->","yoast_head_json":{"title":"Mentions l\u00e9gales | Anthony Grandjean Niort","robots":{"index":"noindex","follow":"follow","max-snippet":"max-snippet:-1","max-image-preview":"max-image-preview:large","max-video-preview":"max-video-preview:-1"},"og_locale":"fr_FR","og_type":"article","og_title":"Mentions l\u00e9gales | Anthony Grandjean Niort","og_description":"MENTIONS LEGALES Informations l\u00e9gales et conditions d&#039;utilisation Le pr\u00e9sent site est \u00e9dit\u00e9 par Anthony Grandjean, r\u00e9flexologue plantaire. L&rsquo;acc\u00e8s \u00e0 anthonygrandjean.fr ainsi que l&rsquo;utilisation de son contenu sont soumis aux conditions d&rsquo;utilisation d\u00e9crites ci-apr\u00e8s. Le fait d&rsquo;acc\u00e9der et de naviguer sur anthonygrandjean.fr constitue de la part du visiteur une acceptation sans r\u00e9serve des stipulations suivantes : [&hellip;]","og_url":"https:\/\/tetaclic.fr\/www\/mentions-legales\/","og_site_name":"Anthony Grandjean R\u00e9flexologie","article_modified_time":"2026-04-17T14:23:29+00:00","og_image":[{"width":764,"height":740,"url":"https:\/\/tetaclic.fr\/www\/wp-content\/uploads\/2026\/03\/Logo_reflexologie.png","type":"image\/png"}],"twitter_card":"summary_large_image","twitter_title":"Mentions l\u00e9gales | Anthony Grandjean Niort","twitter_misc":{"Dur\u00e9e de lecture estim\u00e9e":"4 minutes"},"schema":{"@context":"https:\/\/schema.org","@graph":[{"@type":"WebPage","@id":"https:\/\/tetaclic.fr\/www\/mentions-legales\/","url":"https:\/\/tetaclic.fr\/www\/mentions-legales\/","name":"Mentions l\u00e9gales | Anthony Grandjean Niort","isPartOf":{"@id":"https:\/\/tetaclic.fr\/www\/#website"},"primaryImageOfPage":{"@id":"https:\/\/tetaclic.fr\/www\/mentions-legales\/#primaryimage"},"image":{"@id":"https:\/\/tetaclic.fr\/www\/mentions-legales\/#primaryimage"},"thumbnailUrl":"https:\/\/tetaclic.fr\/www\/wp-content\/uploads\/2026\/03\/Logo_reflexologie.png","datePublished":"2026-03-09T13:03:56+00:00","dateModified":"2026-04-17T14:23:29+00:00","breadcrumb":{"@id":"https:\/\/tetaclic.fr\/www\/mentions-legales\/#breadcrumb"},"inLanguage":"fr-FR","potentialAction":[{"@type":"ReadAction","target":["https:\/\/tetaclic.fr\/www\/mentions-legales\/"]}]},{"@type":"ImageObject","inLanguage":"fr-FR","@id":"https:\/\/tetaclic.fr\/www\/mentions-legales\/#primaryimage","url":"https:\/\/tetaclic.fr\/www\/wp-content\/uploads\/2026\/03\/Logo_reflexologie.png","contentUrl":"https:\/\/tetaclic.fr\/www\/wp-content\/uploads\/2026\/03\/Logo_reflexologie.png","width":764,"height":740},{"@type":"BreadcrumbList","@id":"https:\/\/tetaclic.fr\/www\/mentions-legales\/#breadcrumb","itemListElement":[{"@type":"ListItem","position":1,"name":"Accueil","item":"https:\/\/tetaclic.fr\/www\/"},{"@type":"ListItem","position":2,"name":"Mentions l\u00e9gales"}]},{"@type":"WebSite","@id":"https:\/\/tetaclic.fr\/www\/#website","url":"https:\/\/tetaclic.fr\/www\/","name":"Anthony Grandjean R\u00e9flexologie","description":"Harmonie \u00b7 Bien-\u00eatre \u00b7 Relaxation","publisher":{"@id":"https:\/\/tetaclic.fr\/www\/#\/schema\/person\/ef300d63a80d5839e14fac17c3b2e33c"},"potentialAction":[{"@type":"SearchAction","target":{"@type":"EntryPoint","urlTemplate":"https:\/\/tetaclic.fr\/www\/?s={search_term_string}"},"query-input":{"@type":"PropertyValueSpecification","valueRequired":true,"valueName":"search_term_string"}}],"inLanguage":"fr-FR"},{"@type":["Person","Organization"],"@id":"https:\/\/tetaclic.fr\/www\/#\/schema\/person\/ef300d63a80d5839e14fac17c3b2e33c","name":"bastien_admin","image":{"@type":"ImageObject","inLanguage":"fr-FR","@id":"https:\/\/tetaclic.fr\/www\/wp-content\/uploads\/2026\/03\/logo-seul-reflex-light.png","url":"https:\/\/tetaclic.fr\/www\/wp-content\/uploads\/2026\/03\/logo-seul-reflex-light.png","contentUrl":"https:\/\/tetaclic.fr\/www\/wp-content\/uploads\/2026\/03\/logo-seul-reflex-light.png","width":764,"height":740,"caption":"bastien_admin"},"logo":{"@id":"https:\/\/tetaclic.fr\/www\/wp-content\/uploads\/2026\/03\/logo-seul-reflex-light.png"},"sameAs":["https:\/\/tetaclic.fr\/www"]}]}},"_links":{"self":[{"href":"https:\/\/tetaclic.fr\/www\/wp-json\/wp\/v2\/pages\/36","targetHints":{"allow":["GET"]}}],"collection":[{"href":"https:\/\/tetaclic.fr\/www\/wp-json\/wp\/v2\/pages"}],"about":[{"href":"https:\/\/tetaclic.fr\/www\/wp-json\/wp\/v2\/types\/page"}],"author":[{"embeddable":true,"href":"https:\/\/tetaclic.fr\/www\/wp-json\/wp\/v2\/users\/1"}],"replies":[{"embeddable":true,"href":"https:\/\/tetaclic.fr\/www\/wp-json\/wp\/v2\/comments?post=36"}],"version-history":[{"count":46,"href":"https:\/\/tetaclic.fr\/www\/wp-json\/wp\/v2\/pages\/36\/revisions"}],"predecessor-version":[{"id":2529,"href":"https:\/\/tetaclic.fr\/www\/wp-json\/wp\/v2\/pages\/36\/revisions\/2529"}],"wp:attachment":[{"href":"https:\/\/tetaclic.fr\/www\/wp-json\/wp\/v2\/media?parent=36"}],"curies":[{"name":"wp","href":"https:\/\/api.w.org\/{rel}","templated":true}]}}